{"id":1867,"date":"2017-07-04T18:53:03","date_gmt":"2017-07-04T18:53:03","guid":{"rendered":"https:\/\/www.innopreven.com\/?page_id=1867"},"modified":"2025-04-11T08:50:29","modified_gmt":"2025-04-11T08:50:29","slug":"empresa","status":"publish","type":"page","link":"https:\/\/www.innopreven.com\/es\/empresa\/","title":{"rendered":"Empresa"},"content":{"rendered":"<div class=\"wpb-content-wrapper\"><p>[vc_row gap=\u00bb35&#8243;][vc_column width=\u00bb1\/2&#8243;][vc_text_separator title=\u00bbVISI\u00d3N Y VALORES\u00bb][vc_column_text]<\/p>\n<p style=\"text-align: justify; background: white; margin: 9.0pt 0cm 9.0pt 0cm;\"><strong><span lang=\"ES\" style=\"font-size: 11.0pt; font-family: 'Arial',sans-serif;\">Nuestra visi\u00f3n<\/span><\/strong><span lang=\"ES\" style=\"font-size: 11.0pt; font-family: 'Arial',sans-serif;\">,<span class=\"apple-converted-space\">\u00a0<\/span>es atender todas y cada una de las necesidades de nuestros clientes, siempre respetando sus caracter\u00edsticas e individualidades, consiguiendo en todo momento, la m\u00e1xima satisfacci\u00f3n con el servicio realizado. Facilitando a las empresas y sus trabajadores una formaci\u00f3n y asesoramiento de calidad y ajustada a las demandas del mercado de trabajo, a las pol\u00edticas de ocupaci\u00f3n y a las situaciones de cambio que est\u00e1n sucediendo en nuestra sociedad.<\/span><\/p>\n<p style=\"text-align: justify; background: white; margin: 9.0pt 0cm 9.0pt 0cm;\"><strong><span lang=\"ES\" style=\"font-size: 11.0pt; font-family: 'Arial',sans-serif;\">Innopreven<\/span><\/strong><span class=\"apple-converted-space\"><span lang=\"ES\" style=\"font-size: 11.0pt; font-family: 'Arial',sans-serif;\">\u00a0<\/span><\/span><span lang=\"ES\" style=\"font-size: 11.0pt; font-family: 'Arial',sans-serif;\">cuenta con un equipo de profesionales cualificados para el desarrollo de sus tareas de planificaci\u00f3n, gesti\u00f3n, implementaci\u00f3n y evaluaci\u00f3n de la formaci\u00f3n y de todos los servicios que proporciona.<\/span><\/p>\n<p>[\/vc_column_text][\/vc_column][vc_column width=\u00bb1\/2&#8243;][vc_text_separator title=\u00bbOBJETIVOS\u00bb][vc_column_text css=\u00bb\u00bb]<\/p>\n<ul>\n<li>El fomento de la <strong>formaci\u00f3n continua,<\/strong>\u00a0as\u00ed como el fomento de la educaci\u00f3n permanente a lo largo de toda la vida de la persona.<\/li>\n<li>El fomento de <strong>medidas de prevenci\u00f3n<\/strong><strong>\u00a0<\/strong>de riesgos laborales para el desarrollo de actitudes, para el trabajo en condiciones \u00f3ptimas de seguridad para la persona.<\/li>\n<li>La <strong>capacitaci\u00f3n profesional<\/strong><strong>\u00a0<\/strong>de los trabajadores que los permitan mantener un nivel competencial \u00f3ptimo para poder continuar en su puesto de trabajo y\/o adaptarse a los mismos.<\/li>\n<li>Proporcionar a la empresa las <strong>herramientas necesarias<\/strong> para diagnosticar, ejecutar y evaluar los aspectos m\u00e1s importantes y relevantes.<\/li>\n<\/ul>\n<p>[\/vc_column_text][\/vc_column][\/vc_row][vc_row][vc_column][vc_cta h2=\u00bb\u00a1Estamos comprometidos con tu futuro profesional!\u00bb h2_font_container=\u00bbcolor:%23c41f3a\u00bb h2_use_theme_fonts=\u00bbyes\u00bb h4=\u00bb\u00a1VEN A DESCUBRIRNOS!\u00bb h4_font_container=\u00bbcolor:%2314b625&#8243; h4_use_theme_fonts=\u00bbyes\u00bb txt_align=\u00bbcenter\u00bb style=\u00bbcustom\u00bb use_custom_fonts_h2=\u00bbtrue\u00bb use_custom_fonts_h4=\u00bbtrue\u00bb][\/vc_cta][\/vc_column][\/vc_row][vc_row css=\u00bb.vc_custom_1499207157396{padding-bottom: 60px !important;}\u00bb][vc_column][vc_text_separator title=\u00bbBONIFICA TU FORMACI\u00d3N\u00bb][vc_column_text]Innopreven\u00a0tiene como objetivo fundamental el desarrollo de formaci\u00f3n continua, podemos facilitarle el calculo de su cr\u00e9dito una vez nos remita el Documento de adhesi\u00f3n al convenio firmado, a continuaci\u00f3n Innopreven realizar\u00e1 un estudio y junto con su consultor de formaci\u00f3n que detectar\u00e1 sus necesidades reales, procederemos a crear el proyecto formativo a mida para su empresa.<\/p>\n<p><strong>La conformidad a la adhesi\u00f3n al contrato de encomienda con innopreven<\/strong><strong>\u00a0<\/strong><strong>no excluye poder participar en otras agrupaciones y que por otro lado no le compromete al inicio de ninguna acci\u00f3n formativa.<\/strong><\/p>\n<p>Todas las empresas con trabajadores por cuenta ajena tienen cr\u00e9dito anual para formar a sus trabajadores a coste cero benefici\u00e1ndose de la financiaci\u00f3n promovida por el Ministerio de Trabajo y Asuntos Sociales y que se gestiona a trav\u00e9s de la Fundaci\u00f3n Estatal para la Formaci\u00f3n en el Empleo (antes Fundaci\u00f3n Tripartita).<\/p>\n<p><strong>Utiliza el cr\u00e9dito disponible en tu empresa para formar y motivar a tus empleados<\/strong>.[\/vc_column_text][\/vc_column][\/vc_row]<\/p>\n<\/div>","protected":false},"excerpt":{"rendered":"<p>[vc_row gap=\u00bb35&#8243;][vc_column width=\u00bb1\/2&#8243;][vc_text_separator title=\u00bbVISI\u00d3N Y VALORES\u00bb][vc_column_text] Nuestra visi\u00f3n,\u00a0es atender todas y cada una de las necesidades de nuestros clientes, siempre respetando sus caracter\u00edsticas e individualidades, consiguiendo en todo momento, la m\u00e1xima satisfacci\u00f3n con el servicio realizado. Facilitando a las empresas y sus trabajadores una formaci\u00f3n y asesoramiento de calidad y ajustada a las demandas del [&hellip;]<\/p>\n","protected":false},"author":1,"featured_media":0,"parent":0,"menu_order":0,"comment_status":"closed","ping_status":"closed","template":"","meta":{"_acf_changed":false,"footnotes":""},"class_list":["post-1867","page","type-page","status-publish","hentry"],"acf":[],"_links":{"self":[{"href":"https:\/\/www.innopreven.com\/es\/wp-json\/wp\/v2\/pages\/1867","targetHints":{"allow":["GET"]}}],"collection":[{"href":"https:\/\/www.innopreven.com\/es\/wp-json\/wp\/v2\/pages"}],"about":[{"href":"https:\/\/www.innopreven.com\/es\/wp-json\/wp\/v2\/types\/page"}],"author":[{"embeddable":true,"href":"https:\/\/www.innopreven.com\/es\/wp-json\/wp\/v2\/users\/1"}],"replies":[{"embeddable":true,"href":"https:\/\/www.innopreven.com\/es\/wp-json\/wp\/v2\/comments?post=1867"}],"version-history":[{"count":1,"href":"https:\/\/www.innopreven.com\/es\/wp-json\/wp\/v2\/pages\/1867\/revisions"}],"predecessor-version":[{"id":2596,"href":"https:\/\/www.innopreven.com\/es\/wp-json\/wp\/v2\/pages\/1867\/revisions\/2596"}],"wp:attachment":[{"href":"https:\/\/www.innopreven.com\/es\/wp-json\/wp\/v2\/media?parent=1867"}],"curies":[{"name":"wp","href":"https:\/\/api.w.org\/{rel}","templated":true}]}}