{"id":2550,"date":"2020-02-03T11:17:25","date_gmt":"2020-02-03T11:17:25","guid":{"rendered":"https:\/\/www.innopreven.com\/?page_id=2550"},"modified":"2020-02-03T11:53:38","modified_gmt":"2020-02-03T11:53:38","slug":"aviso-legal","status":"publish","type":"page","link":"https:\/\/www.innopreven.com\/es\/aviso-legal\/","title":{"rendered":"Aviso legal"},"content":{"rendered":"\n<p><strong>IDENTIFICACI\u00d3N Y TITULARIDAD<\/strong><\/p>\n\n\n\n<p>En cumplimiento del art\u00edculo 10 de\nla Ley 34 \/ 2002, de 11 de julio, de Servicios de la Sociedad de la Informaci\u00f3n\ny Comercio Electr\u00f3nico, el Titular expone sus datos identificativos.<\/p>\n\n\n\n<ul class=\"wp-block-list\"><li><strong>Titular: <\/strong><strong>INNOPREVEN S.L.<\/strong><\/li><li><strong>NIF:<\/strong>&nbsp;&nbsp;B65297350<\/li><li><strong>Domicilio:<\/strong>&nbsp;C\/ Margarides 7,\n     08700 Igualada.<\/li><li><strong>Correo\nelectr\u00f3nico:<\/strong>&nbsp;administracion@innopreven.com<\/li><li><strong>Sitio Web<\/strong>&nbsp;<a href=\"http:\/\/www.innopreven.com\">www.innopreven.com<\/a><\/li><\/ul>\n\n\n\n<p><strong>FINALIDAD<\/strong><\/p>\n\n\n\n<p>La finalidad del sitio web&nbsp;<a href=\"http:\/\/www.innopreven.com\">www.innopreven.com<\/a> es el fomento de la formaci\u00f3n continua de los trabajadores, y facilitar a\nlas empresas las diferentes acciones formativas existentes. <\/p>\n\n\n\n<p><strong>CONDICIONES DE USO<\/strong><\/p>\n\n\n\n<p>La utilizaci\u00f3n del sitio web le\notorga la condici\u00f3n de Usuario, e implica la aceptaci\u00f3n completa de todas las\ncl\u00e1usulas y condiciones de uso incluidas en las p\u00e1ginas:<\/p>\n\n\n\n<ul class=\"wp-block-list\"><li>Aviso Legal<\/li><li>Pol\u00edtica de Privacidad \/ Protecci\u00f3n de datos<\/li><li>Pol\u00edtica de Cookies<\/li><\/ul>\n\n\n\n<p>Si no estuviera conforme con todas\ny cada una de estas cl\u00e1usulas y condiciones abst\u00e9ngase de utilizar este sitio web.<\/p>\n\n\n\n<p>El acceso a este sitio web no\nsupone, en modo alguno, el inicio de una relaci\u00f3n comercial con INNOPREVEN S.L.\nA trav\u00e9s de este sitio web, INNOPREVEN S.L. le facilita el acceso y la\nutilizaci\u00f3n de diversos contenidos que el Titular o sus colaboradores han\npublicado por medio de Internet.<\/p>\n\n\n\n<p>A tal efecto, usted est\u00e1 obligado y\ncomprometido a NO utilizar cualquiera de los contenidos del sitio web con fines\no efectos il\u00edcitos, prohibidos en este Aviso Legal o por la legislaci\u00f3n\nvigente, lesivos de los derechos e intereses de terceros, o que de cualquier\nforma puedan da\u00f1ar, inutilizar, sobrecargar, deteriorar o impedir la normal\nutilizaci\u00f3n de los contenidos, los equipos inform\u00e1ticos o los documentos,\narchivos y toda clase de contenidos almacenados en cualquier equipo inform\u00e1tico\npropios o contratados por el INNOPREVEN S.L., de otros usuarios o de cualquier\nusuario de Internet.<\/p>\n\n\n\n<p><strong>MEDIDAS DE\nSEGURIDAD<\/strong><\/p>\n\n\n\n<p>Los datos personales que facilite\nal INNOPREVEN S.L. pueden ser almacenados en bases de datos automatizadas o no,\ncuya titularidad corresponde en exclusiva a INNOPREVEN S.L., que asume todas\nlas medidas de \u00edndole t\u00e9cnica, organizativa y de seguridad que garantizan la\nconfidencialidad, integridad y calidad de la informaci\u00f3n contenida en las\nmismas de acuerdo con lo establecido en la normativa vigente en protecci\u00f3n de\ndatos.<\/p>\n\n\n\n<p>No obstante, debe ser consciente de\nque las medidas de seguridad de los sistemas inform\u00e1ticos en Internet no son\nenteramente fiables y que, por tanto INNOPREVEN S.L. no puede garantizar la\ninexistencia de virus u otros elementos que puedan producir alteraciones en los\nsistemas inform\u00e1ticos (software y hardware) del Usuario o en sus documentos\nelectr\u00f3nicos y ficheros contenidos en los mismos aunque INNOPREVEN S.L. pone\ntodos los medios necesarios y toma las medidas de seguridad oportunas para\nevitar la presencia de estos elementos da\u00f1inos.<\/p>\n\n\n\n<p><strong>DATOS PERSONALES<\/strong><\/p>\n\n\n\n<p>Usted puede consultar toda la\ninformaci\u00f3n relativa al tratamiento de datos personales que recoge INNOPREVEN\nS.L. en la p\u00e1gina de la Pol\u00edtica de Privacidad.<\/p>\n\n\n\n<p><strong>CONTENIDOS<\/strong><\/p>\n\n\n\n<p>INNOPREVEN S.L. ha obtenido la\ninformaci\u00f3n, el contenido multimedia y los materiales incluidos en el sitio web\nde fuentes que considera fiables, pero, si bien ha tomado todas las medidas\nrazonables para asegurar que la informaci\u00f3n contenida es correcta, INNOPREVEN\nS.L. no garantiza que sea exacta, completa o actualizada. INNOPREVEN S.L. declina\nexpresamente cualquier responsabilidad por error u omisi\u00f3n en la informaci\u00f3n\ncontenida en las p\u00e1ginas de este sitio web.<\/p>\n\n\n\n<p>Queda prohibido transmitir o enviar\na trav\u00e9s del sitio web cualquier contenido ilegal o il\u00edcito, virus\ninform\u00e1ticos, o mensajes que, en general, afecten o violen derechos de&nbsp;INNOPREVEN\nS.L. o de terceros.<\/p>\n\n\n\n<p>Los contenidos del sitio web tienen\n\u00fanicamente una finalidad informativa y bajo ninguna circunstancia deben usarse\nni considerarse como oferta de venta, solicitud de una oferta de compra ni\nrecomendaci\u00f3n para realizar cualquier otra operaci\u00f3n, salvo que as\u00ed se indique\nexpresamente.<\/p>\n\n\n\n<p>INNOPREVEN S.L. se reserva el\nderecho a modificar, suspender, cancelar o restringir el contenido del sitio\nweb, los v\u00ednculos o la informaci\u00f3n obtenida a trav\u00e9s del sitio web, sin\nnecesidad de previo aviso.<\/p>\n\n\n\n<p>INNOPREVEN S.L. no es responsable\nde los da\u00f1os y perjuicios que pudieran derivarse de la utilizaci\u00f3n de la\ninformaci\u00f3n del sitio web o de la contenida en las redes sociales de INNOPREVEN\nS.L.<\/p>\n\n\n\n<p><strong>ENLACES DE INTER\u00c9S A\nOTROS SITIOS WEB<\/strong><\/p>\n\n\n\n<p>INNOPREVEN S.L. puede\nproporcionarle acceso a sitios web de terceros mediante enlaces con la\nfinalidad de informar sobre la existencia de otras fuentes de informaci\u00f3n en\nInternet en las que podr\u00e1 ampliar los datos ofrecidos en el sitio web.<\/p>\n\n\n\n<p>Estos enlaces a otros sitios web no\nsuponen en ning\u00fan caso una sugerencia o recomendaci\u00f3n para que usted visite las\np\u00e1ginas web de destino, que est\u00e1n fuera del control de INNOPREVEN S.L., por lo\nque Titular no es responsable del contenido de los sitios web vinculados ni del\nresultado que obtenga al seguir los enlaces.<\/p>\n\n\n\n<p>Asimismo, INNOPREVEN S.L. no\nresponde de los links o enlaces ubicados en los sitios web vinculados a los que\nles proporciona acceso.<\/p>\n\n\n\n<p>El establecimiento del enlace no\nimplica en ning\u00fan caso la existencia de relaciones entre INNOPREVEN S.L. y el\npropietario del sitio en el que se establezca el enlace, ni la aceptaci\u00f3n o\naprobaci\u00f3n por parte del Titular de sus contenidos o servicios.<\/p>\n\n\n\n<p>Si accede a un sitio web externo\ndesde un enlace que encuentre en el sitio web usted deber\u00e1 leer la propia\npol\u00edtica de privacidad del otro sitio web que puede ser diferente de la de este\nsitio web.<\/p>\n\n\n\n<p><strong>PROPIEDAD INTELECTUAL E INDUSTRIAL<\/strong><\/p>\n\n\n\n<p>Todos los derechos est\u00e1n\nreservados.<\/p>\n\n\n\n<p>Todo acceso a este sitio web est\u00e1\nsujeto a las siguientes condiciones: la reproducci\u00f3n, almacenaje permanente y\nla difusi\u00f3n de los contenidos o cualquier otro uso que tenga finalidad p\u00fablica\no comercial queda expresamente prohibida sin el consentimiento previo expreso y\npor escrito de INNOPREVEN S.L.<\/p>\n\n\n\n<p><strong>LIMITACI\u00d3N DE RESPONSABILIDAD<\/strong><\/p>\n\n\n\n<p>La informaci\u00f3n y servicios\nincluidos o disponibles a trav\u00e9s de este sitio web pueden incluir\nincorrecciones o errores tipogr\u00e1ficos. De forma peri\u00f3dica INNOPREVEN S.L. incorpora\nmejoras y\/o cambios a la informaci\u00f3n contenida y\/o los servicios que puede\nintroducir en cualquier momento.<\/p>\n\n\n\n<p>INNOPREVEN S.L. no declara ni\ngarantiza que los servicios o contenidos sean interrumpidos o que est\u00e9n libres\nde errores, que los defectos sean corregidos, o que el servicio o el servidor\nque lo pone a disposici\u00f3n est\u00e9n libres de virus u otros componentes nocivos sin\nperjuicio de que INNOPREVEN S.L. realiza todos los esfuerzos en evitar este\ntipo de incidentes.<\/p>\n\n\n\n<p>INNOPREVEN S.L. declina cualquier\nresponsabilidad en caso de que existan interrupciones o un mal funcionamiento\nde los servicios o contenidos ofrecidos en Internet, cualquiera que sea su\ncausa. Asimismo, INNOPREVEN S.L. no se hace responsable por ca\u00eddas de la red,\np\u00e9rdidas de negocio a consecuencia de dichas ca\u00eddas, suspensiones temporales de\nfluido el\u00e9ctrico o cualquier otro tipo de da\u00f1o indirecto que te pueda ser\ncausado por causas ajenas a INNOPREVEN S.L.<\/p>\n\n\n\n<p>Antes de tomar decisiones y\/o\nacciones con base a la informaci\u00f3n incluida en el sitio web, INNOPREVEN S.L. le\nrecomienda comprobar y contrastar la informaci\u00f3n recibida con otras fuentes.<\/p>\n\n\n\n<p><strong>JURISDICCI\u00d3N<\/strong><\/p>\n\n\n\n<p>Este Aviso Legal se rige\n\u00edntegramente por la legislaci\u00f3n espa\u00f1ola.<\/p>\n\n\n\n<p>Siempre que no haya una norma que\nobligue a otra cosa, para cuantas cuestiones se susciten sobre la\ninterpretaci\u00f3n, aplicaci\u00f3n y cumplimiento de este Aviso Legal, as\u00ed como de las\nreclamaciones que puedan derivarse de su uso, las partes acuerdan someterse a\nlos Jueces y Tribunales de la provincia de Barcelona, con renuncia expresa de\ncualquier otra jurisdicci\u00f3n que pudiera corresponderles.<\/p>\n\n\n\n<p><strong>CONTACTO<\/strong><\/p>\n\n\n\n<p>En caso de que usted tenga\ncualquier duda acerca de estas Condiciones legales o quiera realizar cualquier\ncomentario sobre este sitio Web, puede enviar un mensaje de correo electr\u00f3nico\na la direcci\u00f3n <a href=\"mailto:info@innopreven.com\">info@innopreven.com<\/a> <\/p>\n","protected":false},"excerpt":{"rendered":"<p>IDENTIFICACI\u00d3N Y TITULARIDAD En cumplimiento del art\u00edculo 10 de la Ley 34 \/ 2002, de 11 de julio, de Servicios de la Sociedad de la Informaci\u00f3n y Comercio Electr\u00f3nico, el Titular expone sus datos identificativos. Titular: INNOPREVEN S.L. NIF:&nbsp;&nbsp;B65297350 Domicilio:&nbsp;C\/ Margarides 7, 08700 Igualada. Correo electr\u00f3nico:&nbsp;administracion@innopreven.com Sitio Web&nbsp;www.innopreven.com FINALIDAD La finalidad del sitio web&nbsp;www.innopreven.com es [&hellip;]<\/p>\n","protected":false},"author":1,"featured_media":0,"parent":0,"menu_order":0,"comment_status":"closed","ping_status":"closed","template":"","meta":{"_acf_changed":false,"footnotes":""},"class_list":["post-2550","page","type-page","status-publish","hentry"],"acf":[],"_links":{"self":[{"href":"https:\/\/www.innopreven.com\/es\/wp-json\/wp\/v2\/pages\/2550","targetHints":{"allow":["GET"]}}],"collection":[{"href":"https:\/\/www.innopreven.com\/es\/wp-json\/wp\/v2\/pages"}],"about":[{"href":"https:\/\/www.innopreven.com\/es\/wp-json\/wp\/v2\/types\/page"}],"author":[{"embeddable":true,"href":"https:\/\/www.innopreven.com\/es\/wp-json\/wp\/v2\/users\/1"}],"replies":[{"embeddable":true,"href":"https:\/\/www.innopreven.com\/es\/wp-json\/wp\/v2\/comments?post=2550"}],"version-history":[{"count":3,"href":"https:\/\/www.innopreven.com\/es\/wp-json\/wp\/v2\/pages\/2550\/revisions"}],"predecessor-version":[{"id":2568,"href":"https:\/\/www.innopreven.com\/es\/wp-json\/wp\/v2\/pages\/2550\/revisions\/2568"}],"wp:attachment":[{"href":"https:\/\/www.innopreven.com\/es\/wp-json\/wp\/v2\/media?parent=2550"}],"curies":[{"name":"wp","href":"https:\/\/api.w.org\/{rel}","templated":true}]}}