{"id":2556,"date":"2020-02-03T11:28:56","date_gmt":"2020-02-03T11:28:56","guid":{"rendered":"https:\/\/www.innopreven.com\/?page_id=2556"},"modified":"2020-02-03T11:28:59","modified_gmt":"2020-02-03T11:28:59","slug":"politica-de-privacidad","status":"publish","type":"page","link":"https:\/\/www.innopreven.com\/es\/politica-de-privacidad\/","title":{"rendered":"Pol\u00edtica de privacidad"},"content":{"rendered":"\n<p>INNOPREVEN S.L., en aplicaci\u00f3n de\nla normativa vigente en materia de protecci\u00f3n de datos de car\u00e1cter personal,\ninforma que los datos personales que se recogen a trav\u00e9s de los formularios del\nsitio web: <a href=\"http:\/\/www.innopreven.com\">www.innopreven.com<\/a>, se\nincluyen en los ficheros automatizados espec\u00edficos de usuarios de los servicios\nde INNOPREVEN S.L. <\/p>\n\n\n\n<p>La recogida y tratamiento\nautomatizado de los datos de car\u00e1cter personal tiene como finalidad el\nmantenimiento de la relaci\u00f3n comercial y el desempe\u00f1o de tareas de informaci\u00f3n,\nformaci\u00f3n, asesoramiento y otras actividades propias de INNOPREVEN S.L. <\/p>\n\n\n\n<p>Estos datos \u00fanicamente ser\u00e1n\ncedidos a aquellas entidades que sean necesarias con el \u00fanico objetivo de dar\ncumplimiento a la finalidad anteriormente expuesta. <\/p>\n\n\n\n<p>INNOPREVEN S.L. adopta las\nmedidas necesarias para garantizar la seguridad, integridad y confidencialidad\nde los datos conforme a lo dispuesto en el Reglamento (UE) 2016\/679 del\nParlamento Europeo y del Consejo, de 27 de abril de 2016, relativo a la\nprotecci\u00f3n de las personas f\u00edsicas en lo que respecta al tratamiento de datos\npersonales y a la libre circulaci\u00f3n de los mismos y a la Ley Org\u00e1nica 3\/2018 Protecci\u00f3n de Datos Personales y\ngarant\u00eda de los derechos digitales.<\/p>\n\n\n\n<p>El usuario podr\u00e1 en cualquier\nmomento ejercitar los derechos de acceso, oposici\u00f3n, rectificaci\u00f3n y\ncancelaci\u00f3n reconocidos en el citado Reglamento (UE). El ejercicio de estos\nderechos puede realizarlo el propio usuario a trav\u00e9s de email a: <a href=\"mailto:info@innopreven.com\">administracion@innopreven.com<\/a>&nbsp; o en la direcci\u00f3n: C\/ Margarides 7, 08700\nIgualada. <\/p>\n\n\n\n<p>El usuario manifiesta que todos\nlos datos facilitados por \u00e9l son ciertos y correctos, y se compromete a\nmantenerlos actualizados, comunicando los cambios a <a href=\"mailto:administracion@innopreven.com\">administracion@innopreven.com<\/a> <\/p>\n\n\n\n<p><strong>Finalidad del tratamiento de los datos personales: <\/strong><\/p>\n\n\n\n<p><strong>\u00bfCon qu\u00e9 finalidad trataremos tus datos personales?<\/strong> <\/p>\n\n\n\n<p>En INNOPREVEN S.L., trataremos\ntus datos personales recabados a trav\u00e9s del Sitio Web: <a href=\"http:\/\/www.innopreven.com\">www.innopreven.com<\/a>, con\nlas siguientes finalidades: <\/p>\n\n\n\n<ol class=\"wp-block-list\"><li>En caso de contrataci\u00f3n de los bienes y\nservicios ofertados a trav\u00e9s de <a href=\"http:\/\/www.innopreven.com\">www.innopreven.com<\/a>, para\nmantener la relaci\u00f3n contractual, as\u00ed como la gesti\u00f3n, administraci\u00f3n,\ninformaci\u00f3n, prestaci\u00f3n y mejora del servicio. <\/li><li>Env\u00edo de informaci\u00f3n solicitada a trav\u00e9s\nde los formularios dispuestos en <a href=\"http:\/\/www.innopreven.com\">www.innopreven.com<\/a> <\/li><\/ol>\n\n\n\n<p>Te recordamos que puedes oponerte\nal env\u00edo de comunicaciones comerciales por cualquier v\u00eda y en cualquier\nmomento, remitiendo un correo electr\u00f3nico a la direcci\u00f3n indicada\nanteriormente. <\/p>\n\n\n\n<p>Los campos de dichos registros\nson de cumplimentaci\u00f3n obligatoria, siendo imposible realizar las finalidades\nexpresadas si no se aportan esos datos.<\/p>\n\n\n\n<p><strong>\u00bfPor cu\u00e1nto tiempo se conservan los datos personales recabados? <\/strong><\/p>\n\n\n\n<p>Los datos personales\nproporcionados se conservar\u00e1n mientras se mantenga la relaci\u00f3n comercial o no\nsolicites su supresi\u00f3n y durante el plazo por el cu\u00e1l pudieran derivarse\nresponsabilidades legales por los servicios prestados. <\/p>\n\n\n\n<p><strong>Legitimaci\u00f3n: <\/strong><\/p>\n\n\n\n<p>El tratamiento de tus datos se\nrealiza con las siguientes bases jur\u00eddicas que legitiman el mismo: <\/p>\n\n\n\n<ol class=\"wp-block-list\"><li>La solicitud de informaci\u00f3n y\/o la\ncontrataci\u00f3n de los servicios de INNOPREVEN S.L., cuyos t\u00e9rminos y condiciones\nse pondr\u00e1n a tu disposici\u00f3n en todo caso, de forma previa a una eventual\ncontrataci\u00f3n. <\/li><li>El consentimiento libre, espec\u00edfico,\ninformado e inequ\u00edvoco, en tanto que te informamos poniendo a tu disposici\u00f3n la\npresente pol\u00edtica de privacidad, que tras la lectura de la misma, en caso de estar\nconforme, puedes aceptar mediante una declaraci\u00f3n o una clara acci\u00f3n\nafirmativa, como el marcado de una casilla dispuesta al efecto. <\/li><\/ol>\n\n\n\n<p>En caso de que no nos facilites\ntus datos o lo hagas de forma err\u00f3nea o incompleta, no podremos atender tu\nsolicitud, resultando del todo imposible proporcionarte la informaci\u00f3n\nsolicitada o llevar a cabo la contrataci\u00f3n de los servicios. <\/p>\n\n\n\n<p><strong>Datos recopilados por usuarios de los servicios <\/strong><\/p>\n\n\n\n<p>En los casos en que el usuario\nincluya ficheros con datos de car\u00e1cter personal en los servidores de\nalojamiento compartido, INNOPREVEN S.L. no se hace responsable del\nincumplimiento por parte del usuario del RGPD. <\/p>\n\n\n\n<p><strong>Retenci\u00f3n de datos en conformidad a la LSSI <\/strong><\/p>\n\n\n\n<p>INNOPREVEN S.L. informa de que,\ncomo prestador de servicio de alojamiento de datos y en virtud de lo\nestablecido en la Ley 34\/2002 de 11 de julio de Servicios de la Sociedad de la\nInformaci\u00f3n y de Comercio Electr\u00f3nico (LSSI), retiene por un periodo m\u00e1ximo de\n12 meses la informaci\u00f3n imprescindible para identificar el origen de los datos\nalojados y el momento en que se inici\u00f3 la prestaci\u00f3n del servicio. La retenci\u00f3n\nde estos datos no afecta al secreto de las comunicaciones y s\u00f3lo podr\u00e1n ser\nutilizados en el marco de una investigaci\u00f3n criminal o para la salvaguardia de\nla seguridad p\u00fablica, poni\u00e9ndose a disposici\u00f3n de los jueces y\/o tribunales o\ndel Ministerio que as\u00ed los requiera. <\/p>\n\n\n\n<p>La comunicaci\u00f3n de datos a las\nFuerzas y Cuerpos del Estado se har\u00e1 en virtud a lo dispuesto en la normativa\nsobre protecci\u00f3n de datos personales. <\/p>\n\n\n\n<p><strong>Derechos propiedad intelectual INNOPREVEN<\/strong><\/p>\n\n\n\n<p>INNOPREVEN S.L. es titular de\ntodos los derechos de autor, propiedad intelectual, industrial, \u00abknow how\u00bb\ny cuantos otros derechos guardan relaci\u00f3n con los contenidos del sitio web <a href=\"http:\/\/www.innopreven.com\">www.innopreven.com<\/a> y los\nservicios ofertados en el mismo, as\u00ed como de los programas necesarios para su\nimplementaci\u00f3n y la informaci\u00f3n relacionada. <\/p>\n\n\n\n<p>No se permite la reproducci\u00f3n,\npublicaci\u00f3n y\/o uso no estrictamente privado de los contenidos, totales o\nparciales, del sitio web <a href=\"http:\/\/www.innopreven.com\">www.innopreven.com<\/a> sin el\nconsentimiento previo y por escrito. <\/p>\n\n\n\n<p><strong>Propiedad intelectual del software <\/strong><\/p>\n\n\n\n<p>El usuario debe respetar los\nprogramas de terceros puestos a su disposici\u00f3n por INNOPREVEN S.L., aun siendo\ngratuitos y\/o de disposici\u00f3n p\u00fablica. <\/p>\n\n\n\n<p>INNOPREVEN S.L. dispone de los\nderechos de explotaci\u00f3n y propiedad intelectual necesarios del software. El\nusuario no adquiere derecho alguno o licencia por el servicio contratado, sobre\nel software necesario para la prestaci\u00f3n del servicio, ni tampoco sobre la\ninformaci\u00f3n t\u00e9cnica de seguimiento del servicio, excepci\u00f3n hecha de los derechos\ny licencias necesarios para el cumplimiento de los servicios contratados y\n\u00fanicamente durante la duraci\u00f3n de los mismos. Para toda actuaci\u00f3n que exceda\ndel cumplimiento del contrato, el usuario necesitar\u00e1 autorizaci\u00f3n por escrito\npor parte de INNOPREVEN S.L., quedando prohibido al usuario acceder, modificar,\nvisualizar la configuraci\u00f3n, estructura y ficheros de los servidores propiedad\nde INNOPREVEN S.L., asumiendo la responsabilidad civil y penal derivada de\ncualquier incidencia que se pudiera producir en los servidores y sistemas de\nseguridad como consecuencia directa de una actuaci\u00f3n negligente o maliciosa por\nsu parte. <\/p>\n\n\n\n<p><strong>Propiedad intelectual de los contenidos alojados <\/strong><\/p>\n\n\n\n<p>Se proh\u00edbe el uso contrario a la\nlegislaci\u00f3n sobre propiedad intelectual de los servicios prestados por INNOPREVEN\nS.L. y, en particular de: <\/p>\n\n\n\n<ul class=\"wp-block-list\"><li>La utilizaci\u00f3n que resulte contraria a\nlas leyes espa\u00f1olas o que infrinja los derechos de terceros. La publicaci\u00f3n o\nla transmisi\u00f3n de cualquier contenido que, a juicio de INNOPREVEN S.L., resulte\nviolento, obsceno, abusivo, ilegal, racial, xen\u00f3fobo o difamatorio.<\/li><li>Los cracks, n\u00fameros de serie de\nprogramas o cualquier otro contenido que vulnere derechos de la propiedad\nintelectual de terceros. <\/li><li>La recogida y\/o utilizaci\u00f3n de datos\npersonales de otros usuarios sin su consentimiento expreso o contraviniendo lo\ndispuesto en Reglamento (UE) 2016\/679 del Parlamento Europeo y del Consejo, de\n27 de abril de 2016, relativo a la protecci\u00f3n de las personas f\u00edsicas en lo que\nrespecta al tratamiento de datos personales y a la libre circulaci\u00f3n de los\nmismos. <\/li><li>La utilizaci\u00f3n del servidor de correo\ndel dominio y de las direcciones de correo electr\u00f3nico para el env\u00edo de correo\nmasivo no deseado. <\/li><\/ul>\n\n\n\n<p>El usuario tiene toda la\nresponsabilidad sobre el contenido de su web, la informaci\u00f3n transmitida y\nalmacenada, los enlaces de hipertexto, las reivindicaciones de terceros y las\nacciones legales en referencia a propiedad intelectual, derechos de terceros y\nprotecci\u00f3n de menores. <\/p>\n\n\n\n<p>El usuario es responsable\nrespecto a las leyes y reglamentos en vigor y las reglas que tienen que ver con\nel funcionamiento del servicio online, comercio electr\u00f3nico, derechos de autor,\nmantenimiento del orden p\u00fablico, as\u00ed como principios universales de uso de\nInternet. <\/p>\n\n\n\n<p>El usuario indemnizar\u00e1 a INNOPREVEN\nS.L. por los gastos que generara la imputaci\u00f3n de perjuicios en alguna causa\ncuya responsabilidad fuera atribuible al usuario, incluidos honorarios y gastos\nde defensa jur\u00eddica, incluso en el caso de una decisi\u00f3n judicial no definitiva.\n<\/p>\n\n\n\n<p><strong>Protecci\u00f3n de la informaci\u00f3n alojada<\/strong><\/p>\n\n\n\n<p>INNOPREVEN S.L. realiza copias de\nseguridad de los contenidos alojados en sus servidores, sin embargo no se\nresponsabiliza de la p\u00e9rdida o el borrado accidental de los datos por parte de\nlos usuarios. De igual manera, no garantiza la reposici\u00f3n total de los datos\nborrados por los usuarios, ya que los citados datos podr\u00edan haber sido\nsuprimidos y\/o modificados durante el periodo del tiempo transcurrido desde la\n\u00faltima copia de seguridad. <\/p>\n\n\n\n<p>Los servicios ofertados, excepto\nlos servicios espec\u00edficos de backup, no incluyen la reposici\u00f3n de los\ncontenidos conservados en las copias de seguridad realizadas por INNOPREVEN\nS.L., cuando esta p\u00e9rdida sea imputable al usuario; en este caso, se\ndeterminar\u00e1 una tarifa acorde a la complejidad y volumen de la recuperaci\u00f3n,\nsiempre previa aceptaci\u00f3n del usuario. <\/p>\n\n\n\n<p>La reposici\u00f3n de datos borrados\ns\u00f3lo est\u00e1 incluida en el precio del servicio cuando la p\u00e9rdida del contenido\nsea debida a causas atribuibles a INNOPREVEN S.L.<\/p>\n\n\n\n<p><strong>Comunicaciones comerciales <\/strong><\/p>\n\n\n\n<p>En aplicaci\u00f3n de la LSSI INNOPREVEN\nS.L. no enviar\u00e1 comunicaciones publicitarias o promocionales por correo\nelectr\u00f3nico u otro medio de comunicaci\u00f3n electr\u00f3nica equivalente que\npreviamente no hubieran sido solicitadas o expresamente autorizadas por los destinatarios\nde las mismas. <\/p>\n\n\n\n<p>En el caso de usuarios con los\nque exista una relaci\u00f3n contractual previa, INNOPREVEN S.L. s\u00ed est\u00e1 autorizado\nal env\u00edo de comunicaciones comerciales referentes a productos o servicios de INNOPREVEN\nS.L. que sean similares a los que inicialmente fueron objeto de contrataci\u00f3n\ncon el cliente. <\/p>\n\n\n\n<p>En todo caso, el usuario, tras\nacreditar su identidad, podr\u00e1 solicitar que no se le haga llegar m\u00e1s\ninformaci\u00f3n comercial a trav\u00e9s de los canales de Atenci\u00f3n al Cliente.<\/p>\n","protected":false},"excerpt":{"rendered":"<p>INNOPREVEN S.L., en aplicaci\u00f3n de la normativa vigente en materia de protecci\u00f3n de datos de car\u00e1cter personal, informa que los datos personales que se recogen a trav\u00e9s de los formularios del sitio web: www.innopreven.com, se incluyen en los ficheros automatizados espec\u00edficos de usuarios de los servicios de INNOPREVEN S.L. La recogida y tratamiento automatizado de [&hellip;]<\/p>\n","protected":false},"author":1,"featured_media":0,"parent":0,"menu_order":0,"comment_status":"closed","ping_status":"closed","template":"","meta":{"_acf_changed":false,"footnotes":""},"class_list":["post-2556","page","type-page","status-publish","hentry"],"acf":[],"_links":{"self":[{"href":"https:\/\/www.innopreven.com\/es\/wp-json\/wp\/v2\/pages\/2556","targetHints":{"allow":["GET"]}}],"collection":[{"href":"https:\/\/www.innopreven.com\/es\/wp-json\/wp\/v2\/pages"}],"about":[{"href":"https:\/\/www.innopreven.com\/es\/wp-json\/wp\/v2\/types\/page"}],"author":[{"embeddable":true,"href":"https:\/\/www.innopreven.com\/es\/wp-json\/wp\/v2\/users\/1"}],"replies":[{"embeddable":true,"href":"https:\/\/www.innopreven.com\/es\/wp-json\/wp\/v2\/comments?post=2556"}],"version-history":[{"count":1,"href":"https:\/\/www.innopreven.com\/es\/wp-json\/wp\/v2\/pages\/2556\/revisions"}],"predecessor-version":[{"id":2557,"href":"https:\/\/www.innopreven.com\/es\/wp-json\/wp\/v2\/pages\/2556\/revisions\/2557"}],"wp:attachment":[{"href":"https:\/\/www.innopreven.com\/es\/wp-json\/wp\/v2\/media?parent=2556"}],"curies":[{"name":"wp","href":"https:\/\/api.w.org\/{rel}","templated":true}]}}