{"id":2566,"date":"2020-02-03T11:53:00","date_gmt":"2020-02-03T11:53:00","guid":{"rendered":"https:\/\/www.innopreven.com\/?page_id=2566"},"modified":"2020-02-03T11:54:16","modified_gmt":"2020-02-03T11:54:16","slug":"politica-de-cookies","status":"publish","type":"page","link":"https:\/\/www.innopreven.com\/es\/politica-de-cookies\/","title":{"rendered":"Pol\u00edtica de cookies"},"content":{"rendered":"\n<p>Una cookie es un archivo de informaci\u00f3n que el servidor de este sitio web env\u00eda al dispositivo (ordenador, smartphone, tablet, etc.) de quien accede a la p\u00e1gina para almacenar y recuperar informaci\u00f3n sobre la navegaci\u00f3n que se efect\u00faa desde dicho equipo.<br><br>INNOPREVEN, S.L., utiliza diversos tipos de cookies (t\u00e9cnicas, anal\u00edticas y sociales) \u00fanicamente con la finalidad de mejorar la navegaci\u00f3n del usuario en el sitio web, sin ning\u00fan tipo de objeto publicitario o similar, para el an\u00e1lisis y elaboraci\u00f3n de estad\u00edsticas de la navegaci\u00f3n que el USUARIO realiza en el sitio web.<br><br>INNOPREVEN, S.L. utiliza en este sitio web las cookies que se detallan a continuaci\u00f3n:<br><br>Cookies t\u00e9cnicas: Son aqu\u00e9llas que permiten al USUARIO la navegaci\u00f3n a trav\u00e9s de la p\u00e1gina web y la utilizaci\u00f3n de las diferentes opciones o servicios que en ella existen como, por ejemplo, controlar el tr\u00e1fico y la comunicaci\u00f3n de datos, identificar la sesi\u00f3n, acceder a partes de acceso restringido, recordar los elementos que integran un pedido, realizar el proceso de compra de un pedido, realizar la solicitud de inscripci\u00f3n o participaci\u00f3n en un evento, utilizar elementos de seguridad durante la navegaci\u00f3n, almacenar contenidos para la difusi\u00f3n de v\u00eddeos o sonido o compartir contenidos a trav\u00e9s de redes sociales.<br><br>Cookies de Google Analytics: Son cookies de terceros (Google Inc.) de an\u00e1lisis que permiten el seguimiento y an\u00e1lisis del comportamiento de los USUARIOS de los sitios web a los que est\u00e1n vinculadas. La informaci\u00f3n recogida mediante este tipo de cookies se utiliza en la medici\u00f3n de la actividad de los sitios web, aplicaci\u00f3n o plataforma y para la elaboraci\u00f3n de perfiles de navegaci\u00f3n de los USUARIOS de dichos sitios, aplicaciones y plataformas, con el fin de introducir mejoras en funci\u00f3n del an\u00e1lisis de los datos de uso que hacen los USUARIOS del servicio.<br><br>Google Analytics, almacena las cookies en servidores ubicados en Estados Unidos y se compromete a no compartirla con terceros, excepto en los casos en los que sea necesario para el funcionamiento del sistema o cuando la ley obligue a tal efecto. Seg\u00fan Google no guarda la direcci\u00f3n IP del USUARIO.<br> Los navegadores web son las herramientas encargadas de almacenar las cookies y desde esos navegadores debes efectuar tu derecho a eliminaci\u00f3n o desactivaci\u00f3n de las mismas. Ni esta web ni sus representantes legales pueden garantizar la correcta o incorrecta manipulaci\u00f3n de las cookies por parte de los mencionados navegadores.<br><br>En algunos casos es necesario instalar cookies para que el navegador no olvide tu decisi\u00f3n de no aceptaci\u00f3n de las mismas.<br><br>La aceptaci\u00f3n de la presente pol\u00edtica de privacidad implica que el usuario ha sido informado de una forma clara y completa sobre el uso de dispositivos de almacenamiento y recuperaci\u00f3n de datos (cookies) as\u00ed como que INNOPREVEN, S.L., dispone del consentimiento del usuario para el uso de las mismas tal y como establece el art\u00edculo 22 de la Ley 34\/2002, de 11 de julio, de Servicios de la Sociedad de la Informaci\u00f3n y Comercio Electr\u00f3nico (LSSI-CE).<br><br>Para cualquier duda o consulta acerca de esta pol\u00edtica de cookies no dudes en comunicarte con nosotros a trav\u00e9s de la direcci\u00f3n de correo electr\u00f3nico info@innopreven.com<\/p>\n\n\n<p><!--EndFragment--><br>\n<br>\n<\/p>","protected":false},"excerpt":{"rendered":"<p>Una cookie es un archivo de informaci\u00f3n que el servidor de este sitio web env\u00eda al dispositivo (ordenador, smartphone, tablet, etc.) de quien accede a la p\u00e1gina para almacenar y recuperar informaci\u00f3n sobre la navegaci\u00f3n que se efect\u00faa desde dicho equipo. INNOPREVEN, S.L., utiliza diversos tipos de cookies (t\u00e9cnicas, anal\u00edticas y sociales) \u00fanicamente con la [&hellip;]<\/p>\n","protected":false},"author":1,"featured_media":0,"parent":0,"menu_order":0,"comment_status":"closed","ping_status":"closed","template":"","meta":{"_acf_changed":false,"footnotes":""},"class_list":["post-2566","page","type-page","status-publish","hentry"],"acf":[],"_links":{"self":[{"href":"https:\/\/www.innopreven.com\/es\/wp-json\/wp\/v2\/pages\/2566","targetHints":{"allow":["GET"]}}],"collection":[{"href":"https:\/\/www.innopreven.com\/es\/wp-json\/wp\/v2\/pages"}],"about":[{"href":"https:\/\/www.innopreven.com\/es\/wp-json\/wp\/v2\/types\/page"}],"author":[{"embeddable":true,"href":"https:\/\/www.innopreven.com\/es\/wp-json\/wp\/v2\/users\/1"}],"replies":[{"embeddable":true,"href":"https:\/\/www.innopreven.com\/es\/wp-json\/wp\/v2\/comments?post=2566"}],"version-history":[{"count":2,"href":"https:\/\/www.innopreven.com\/es\/wp-json\/wp\/v2\/pages\/2566\/revisions"}],"predecessor-version":[{"id":2569,"href":"https:\/\/www.innopreven.com\/es\/wp-json\/wp\/v2\/pages\/2566\/revisions\/2569"}],"wp:attachment":[{"href":"https:\/\/www.innopreven.com\/es\/wp-json\/wp\/v2\/media?parent=2566"}],"curies":[{"name":"wp","href":"https:\/\/api.w.org\/{rel}","templated":true}]}}