{"id":793,"date":"2015-06-30T09:41:33","date_gmt":"2015-06-30T09:41:33","guid":{"rendered":"http:\/\/masterstudy.stylemixthemes.com\/demo\/?page_id=793"},"modified":"2024-01-22T12:17:32","modified_gmt":"2024-01-22T12:17:32","slug":"contacto","status":"publish","type":"page","link":"https:\/\/www.innopreven.com\/es\/contacto\/","title":{"rendered":"Contacto"},"content":{"rendered":"<div class=\"wpb-content-wrapper\"><p>[vc_row css=\u00bb.vc_custom_1435659486461{margin-bottom: 0px !important;}\u00bb][vc_column width=\u00bb1\/2&#8243; el_class=\u00bbstm_icon_box_responsive\u00bb][vc_custom_heading text=\u00bbINFORMACI\u00d3N DE CONTACTO:\u00bb font_container=\u00bbtag:h3|text_align:left\u00bb google_fonts=\u00bbfont_family:Montserrat%3Aregular%2C700|font_style:700%20bold%20regular%3A700%3Anormal\u00bb css=\u00bb.vc_custom_1499191674246{margin-top: -20px !important;margin-bottom: 35px !important;}\u00bb][stm_icon_box title_holder=\u00bbh5&#8243; icon=\u00bbfa-icon-stm_icon_pin-o\u00bb icon_size=\u00bb35&#8243; icon_align=\u00bbleft\u00bb icon_width=\u00bb35&#8243; icon_color=\u00bb#eab830&#8243; title=\u00bbDirecci\u00f3n:\u00bb box_bg_color=\u00bb#ffffff\u00bb box_text_color=\u00bb#555555&#8243; css=\u00bb.vc_custom_1499191690648{margin-top: 0px !important;border-top-width: 1px !important;border-bottom-width: 1px !important;padding-top: 30px !important;padding-right: 0px !important;padding-bottom: 14px !important;padding-left: 0px !important;border-top-color: #e1e2e4 !important;border-top-style: solid !important;border-bottom-color: #e1e2e4 !important;border-bottom-style: solid !important;}\u00bb css_icon=\u00bb.vc_custom_1499191690647{padding-left: 7px !important;}\u00bb]Carrer de les Margarides, 7, 08700 Igualada[\/stm_icon_box][vc_row_inner css=\u00bb.vc_custom_1499192080066{margin-bottom: 0px !important;}\u00bb][vc_column_inner el_class=\u00bbstm_sm_gutter_back stm_bottom_border\u00bb css=\u00bb.vc_custom_1436791452718{padding-right: 0px !important;}\u00bb offset=\u00bbvc_col-lg-6 vc_col-md-6&#8243;][stm_icon_box title_holder=\u00bbh5&#8243; link_color_style=\u00bbdark\u00bb icon=\u00bbfa-icon-stm_icon_mail-o\u00bb icon_size=\u00bb22&#8243; icon_align=\u00bbleft\u00bb icon_width=\u00bb35&#8243; icon_color=\u00bb#eab830&#8243; title=\u00bbEmail:\u00bb box_bg_color=\u00bb#ffffff\u00bb box_text_color=\u00bb#555555&#8243; css=\u00bb.vc_custom_1506433731694{margin-top: 27px !important;padding-top: 0px !important;padding-right: 15px !important;padding-bottom: 14px !important;padding-left: 0px !important;}\u00bb css_icon=\u00bb.vc_custom_1506433731693{padding-top: 10px !important;padding-left: 3px !important;}\u00bb]<a href=\"mailto:info@innopreven.com\">info@innopreven.com<\/a>[\/stm_icon_box][\/vc_column_inner][vc_column_inner el_class=\u00bbstm_sm_gutter_back\u00bb css=\u00bb.vc_custom_1500107197999{margin-top: 27px !important;padding-left: 0px !important;}\u00bb offset=\u00bbvc_col-lg-6 vc_col-md-6&#8243;][stm_icon_box title_holder=\u00bbh5&#8243; link_color_style=\u00bbdark\u00bb icon=\u00bbfa-icon-stm_icon_phone-o\u00bb icon_size=\u00bb33&#8243; icon_align=\u00bbleft\u00bb icon_width=\u00bb35&#8243; icon_color=\u00bb#eab830&#8243; title=\u00bbTel\u00e9fono:\u00bb box_bg_color=\u00bb#ffffff\u00bb box_text_color=\u00bb#555555&#8243; css=\u00bb.vc_custom_1500107148417{margin-top: 0px !important;border-bottom-width: 1px !important;padding-top: 0px !important;padding-right: 15px !important;padding-bottom: 17px !important;padding-left: 0px !important;}\u00bb css_icon=\u00bb.vc_custom_1500107148417{margin-top: 0px !important;padding-top: 0px !important;padding-left: 7px !important;}\u00bb]<a href=\"tel:+34 938 067 158\">+34 938 067 158<\/a>[\/stm_icon_box][\/vc_column_inner][\/vc_row_inner][stm_icon_box title_holder=\u00bbh5&#8243; icon=\u00bbfa fa-clock-o\u00bb icon_size=\u00bb35&#8243; icon_align=\u00bbleft\u00bb icon_width=\u00bb35&#8243; icon_color=\u00bb#eab830&#8243; title=\u00bbHorarios:\u00bb box_bg_color=\u00bb#ffffff\u00bb box_text_color=\u00bb#555555&#8243; css=\u00bb.vc_custom_1499192851195{margin-top: 0px !important;border-top-width: 1px !important;border-bottom-width: 0px !important;padding-top: 30px !important;padding-right: 0px !important;padding-bottom: 14px !important;padding-left: 0px !important;border-top-color: #e1e2e4 !important;border-top-style: solid !important;border-bottom-color: #e1e2e4 !important;border-bottom-style: solid !important;}\u00bb css_icon=\u00bb.vc_custom_1499192851193{padding-left: 7px !important;}\u00bb]De lunes a viernes &#8211; 9:00h a 19:00h[\/stm_icon_box][\/vc_column][vc_column width=\u00bb1\/2&#8243;][vc_custom_heading text=\u00bbLOCALIZACI\u00d3N:\u00bb font_container=\u00bbtag:h3|text_align:left\u00bb google_fonts=\u00bbfont_family:Montserrat%3Aregular%2C700|font_style:700%20bold%20regular%3A700%3Anormal\u00bb css=\u00bb.vc_custom_1499191943788{margin-top: -20px !important;margin-bottom: 35px !important;}\u00bb][vc_gmaps link=\u00bb#E-8_JTNDaWZyYW1lJTIwc3JjJTNEJTIyaHR0cHMlM0ElMkYlMkZ3d3cuZ29vZ2xlLmNvbSUyRm1hcHMlMkZlbWJlZCUzRnBiJTNEJTIxMW0xOCUyMTFtMTIlMjExbTMlMjExZDI5ODQuNDY3MTUyNDQ0NzQ1JTIxMmQxLjYyNTI4MDQxNTg3NTYyOTMlMjEzZDQxLjU4MDc3NTU3OTI0Njk5JTIxMm0zJTIxMWYwJTIxMmYwJTIxM2YwJTIxM20yJTIxMWkxMDI0JTIxMmk3NjglMjE0ZjEzLjElMjEzbTMlMjExbTIlMjExczB4MTJhNDY5ZDAwYTE5ZTQ3NyUyNTNBMHhhYmI2YzA2MGIxZDMwMDA1JTIxMnNJbm5vcHJldmVuJTIxNWUwJTIxM20yJTIxMXNjYSUyMTJzZXMlMjE0djE0OTkxOTE4NDg1MjglMjIlMjB3aWR0aCUzRCUyMjYwMCUyMiUyMGhlaWdodCUzRCUyMjQ1MCUyMiUyMGZyYW1lYm9yZGVyJTNEJTIyMCUyMiUyMHN0eWxlJTNEJTIyYm9yZGVyJTNBMCUyMiUyMGFsbG93ZnVsbHNjcmVlbiUzRSUzQyUyRmlmcmFtZSUzRQ==\u00bb size=\u00bb266&#8243;][\/vc_column][\/vc_row][vc_row][vc_column][stm_multy_separator css=\u00bb.vc_custom_1435665826984{margin-top: 39px !important;margin-bottom: 0px !important;}\u00bb][\/vc_column][\/vc_row][vc_row css=\u00bb.vc_custom_1435665045394{margin-bottom: 0px !important;}\u00bb][vc_column css=\u00bb.vc_custom_1705925850693{margin-right: 0px !important;margin-bottom: 20px !important;}\u00bb el_class=\u00bbcustom-border\u00bb][vc_custom_heading text=\u00bbESCR\u00cdBENOS\u00bb font_container=\u00bbtag:h3|text_align:left\u00bb google_fonts=\u00bbfont_family:Montserrat%3Aregular%2C700|font_style:700%20bold%20regular%3A700%3Anormal\u00bb css=\u00bb.vc_custom_1499192275975{margin-bottom: 37px !important;}\u00bb]\n<div class=\"wpcf7 no-js\" id=\"wpcf7-f1850-o1\" lang=\"en-US\" dir=\"ltr\" data-wpcf7-id=\"1850\">\n<div class=\"screen-reader-response\"><p role=\"status\" aria-live=\"polite\" aria-atomic=\"true\"><\/p> <ul><\/ul><\/div>\n<form action=\"\/es\/wp-json\/wp\/v2\/pages\/793#wpcf7-f1850-o1\" method=\"post\" class=\"wpcf7-form init\" aria-label=\"Contact form\" novalidate=\"novalidate\" data-status=\"init\">\n<div style=\"display: none;\">\n<input type=\"hidden\" name=\"_wpcf7\" value=\"1850\" \/>\n<input type=\"hidden\" name=\"_wpcf7_version\" value=\"6.0.6\" \/>\n<input type=\"hidden\" name=\"_wpcf7_locale\" value=\"en_US\" \/>\n<input type=\"hidden\" name=\"_wpcf7_unit_tag\" value=\"wpcf7-f1850-o1\" \/>\n<input type=\"hidden\" name=\"_wpcf7_container_post\" value=\"0\" \/>\n<input type=\"hidden\" name=\"_wpcf7_posted_data_hash\" value=\"\" \/>\n<input type=\"hidden\" name=\"_wpcf7_recaptcha_response\" value=\"\" \/>\n<\/div>\n<div class=\"row\">\n\t<div class=\"col-xs-12 col-sm-6 col-md-6 col-lg-6\">\n\t\t<div class=\"form-group\">\n\t\t\t<p><span class=\"wpcf7-form-control-wrap\" data-name=\"nom\"><input size=\"40\" maxlength=\"400\" class=\"wpcf7-form-control wpcf7-text wpcf7-validates-as-required form-control\" aria-required=\"true\" aria-invalid=\"false\" placeholder=\"Tu nombre\" value=\"\" type=\"text\" name=\"nom\" \/><\/span>\n\t\t\t<\/p>\n\t\t<\/div>\n\t<\/div>\n\t<div class=\"col-xs-12 col-sm-6 col-md-6 col-lg-6\">\n\t\t<div class=\"form-group\">\n\t\t\t<p><span class=\"wpcf7-form-control-wrap\" data-name=\"email\"><input size=\"40\" maxlength=\"400\" class=\"wpcf7-form-control wpcf7-email wpcf7-validates-as-required wpcf7-text wpcf7-validates-as-email form-control\" aria-required=\"true\" aria-invalid=\"false\" placeholder=\"Tu correo\" value=\"\" type=\"email\" name=\"email\" \/><\/span>\n\t\t\t<\/p>\n\t\t<\/div>\n\t<\/div>\n<\/div>\n<div class=\"row\">\n\t<div class=\"col-xs-12 col-sm-12 col-md-12 col-lg-12\">\n\t\t<div class=\"form-group\">\n\t\t\t<p><span class=\"wpcf7-form-control-wrap\" data-name=\"message\"><textarea cols=\"40\" rows=\"9\" maxlength=\"2000\" class=\"wpcf7-form-control wpcf7-textarea wpcf7-validates-as-required form-control\" aria-required=\"true\" aria-invalid=\"false\" name=\"message\"><\/textarea><\/span>\n\t\t\t<\/p>\n\t\t<\/div>\n\t\t<div class=\"form-group\">\n\t\t\t<p><span class=\"wpcf7-form-control-wrap\" data-name=\"acceptance-367\"><span class=\"wpcf7-form-control wpcf7-acceptance\"><span class=\"wpcf7-list-item\"><label><input type=\"checkbox\" name=\"acceptance-367\" value=\"1\" aria-invalid=\"false\" \/><span class=\"wpcf7-list-item-label\">He le\u00eddo y acepto la <a href=\"\/es\/politica-de-privacidad\/\" target=\"_blank\">Pol\u00edtica de privacidad<\/a><\/span><\/label><\/span><\/span><\/span>\n\t\t\t<\/p>\n\t\t<\/div>\n\t<\/div>\n<\/div>\n<div class=\"row\">\n\t<div class=\"col-xs-12 col-sm-12 col-md-12 col-lg-12\">\n\t\t<p><input class=\"wpcf7-form-control wpcf7-submit has-spinner btn btn-default\" type=\"submit\" value=\"Enviar\" \/>\n\t\t<\/p>\n\t<\/div>\n\t<p style=\"font-size:13px;color:black;padding-left:15px;margin-top:20px;display:inline-block;\">Al enviar un formulario se solicitan datos como tu correo electr\u00f3nico y nombre, que se almacenan en una cookie para que no tengas que volver a completarlos en futuros env\u00edos. Al enviar un formulario debes aceptar nuestra <a href=\"\/es\/politica-de-privacidad\/\" target=\"_blank\">pol\u00edtica de privacidad<\/a>. El responsable de los datos es Josep Camps Villariezo. La finalidad es responder a solicitudes realizadas a trav\u00e9s del formulario. La legitimaci\u00f3n proviene de tu consentimiento expreso y el destinatario es Josep Camps Villariezo (los datos se almacenan \u00fanicamente en el cliente de correo electr\u00f3nico). Tienes derecho a acceder, rectificar, suprimir, limitar, portar y olvidar tus datos.\n\t<\/p>\n<\/div><div class=\"wpcf7-response-output\" aria-hidden=\"true\"><\/div>\n<\/form>\n<\/div>\n[\/vc_column][\/vc_row][vc_row][vc_column][vc_empty_space][\/vc_column][\/vc_row]<\/p>\n<\/div>","protected":false},"excerpt":{"rendered":"<p>[vc_row css=\u00bb.vc_custom_1435659486461{margin-bottom: 0px !important;}\u00bb][vc_column width=\u00bb1\/2&#8243; el_class=\u00bbstm_icon_box_responsive\u00bb][vc_custom_heading text=\u00bbINFORMACI\u00d3N DE CONTACTO:\u00bb font_container=\u00bbtag:h3|text_align:left\u00bb google_fonts=\u00bbfont_family:Montserrat%3Aregular%2C700|font_style:700%20bold%20regular%3A700%3Anormal\u00bb css=\u00bb.vc_custom_1499191674246{margin-top: -20px !important;margin-bottom: 35px !important;}\u00bb][stm_icon_box title_holder=\u00bbh5&#8243; icon=\u00bbfa-icon-stm_icon_pin-o\u00bb icon_size=\u00bb35&#8243; icon_align=\u00bbleft\u00bb icon_width=\u00bb35&#8243; icon_color=\u00bb#eab830&#8243; title=\u00bbDirecci\u00f3n:\u00bb box_bg_color=\u00bb#ffffff\u00bb box_text_color=\u00bb#555555&#8243; css=\u00bb.vc_custom_1499191690648{margin-top: 0px !important;border-top-width: 1px !important;border-bottom-width: 1px !important;padding-top: 30px !important;padding-right: 0px !important;padding-bottom: 14px !important;padding-left: 0px !important;border-top-color: #e1e2e4 !important;border-top-style: solid !important;border-bottom-color: #e1e2e4 !important;border-bottom-style: solid !important;}\u00bb css_icon=\u00bb.vc_custom_1499191690647{padding-left: 7px !important;}\u00bb]Carrer de les Margarides, 7, [&hellip;]<\/p>\n","protected":false},"author":1,"featured_media":0,"parent":0,"menu_order":0,"comment_status":"closed","ping_status":"open","template":"","meta":{"_acf_changed":false,"footnotes":""},"class_list":["post-793","page","type-page","status-publish","hentry"],"acf":[],"_links":{"self":[{"href":"https:\/\/www.innopreven.com\/es\/wp-json\/wp\/v2\/pages\/793","targetHints":{"allow":["GET"]}}],"collection":[{"href":"https:\/\/www.innopreven.com\/es\/wp-json\/wp\/v2\/pages"}],"about":[{"href":"https:\/\/www.innopreven.com\/es\/wp-json\/wp\/v2\/types\/page"}],"author":[{"embeddable":true,"href":"https:\/\/www.innopreven.com\/es\/wp-json\/wp\/v2\/users\/1"}],"replies":[{"embeddable":true,"href":"https:\/\/www.innopreven.com\/es\/wp-json\/wp\/v2\/comments?post=793"}],"version-history":[{"count":4,"href":"https:\/\/www.innopreven.com\/es\/wp-json\/wp\/v2\/pages\/793\/revisions"}],"predecessor-version":[{"id":2587,"href":"https:\/\/www.innopreven.com\/es\/wp-json\/wp\/v2\/pages\/793\/revisions\/2587"}],"wp:attachment":[{"href":"https:\/\/www.innopreven.com\/es\/wp-json\/wp\/v2\/media?parent=793"}],"curies":[{"name":"wp","href":"https:\/\/api.w.org\/{rel}","templated":true}]}}